{"id":7,"date":"2018-05-18T10:10:01","date_gmt":"2018-05-18T10:10:01","guid":{"rendered":"http:\/\/localhost\/wordpress\/?page_id=7"},"modified":"2020-02-12T12:29:30","modified_gmt":"2020-02-12T11:29:30","slug":"inicio-2","status":"publish","type":"page","link":"https:\/\/mercadomunicipal.motril.es\/","title":{"rendered":"Inicio"},"content":{"rendered":"<p>[vc_row full_width=\u00bbstretch_row_content_no_spaces\u00bb][vc_column][vc_empty_space height=\u00bb500&#8243; css=\u00bb.vc_custom_1532687060077{margin-bottom: 40px !important;background-image: url(https:\/\/mercadomunicipal.motril.es\/wp-content\/uploads\/2018\/07\/Mercado_Motril_1800x600.jpg?id=1835) !important;}\u00bb el_class=\u00bbhero-img\u00bb][\/vc_column][\/vc_row][vc_row equal_height=\u00bbyes\u00bb el_class=\u00bbcategory-front-wrapper\u00bb][vc_column width=\u00bb1\/6&#8243;][vc_column_text el_class=\u00bbcategory-front-container\u00bb]<img loading=\"lazy\" decoding=\"async\" class=\"alignnone wp-image-302 size-medium\" style=\"width: 150px; height: 120px; object-fit: contain;\" src=\"https:\/\/mercadomunicipal.motril.es\/wp-content\/uploads\/2018\/07\/PESCADO.png\" alt=\"PESCADO\" width=\"300\" height=\"136\"><\/p>\n<h3 style=\"text-align: center; margin: 50px 0;\"><strong>PESCADO<\/strong><\/h3>\n<p style=\"text-align: center;\">Ofrecemos los mejores cortes siguiendo un cuidadoso proceso de selecci\u00f3n. Piezas de la sierra y ganado de primera calidad alimentado con productos naturales.<\/p>\n<p>[\/vc_column_text][vc_btn title=\u00bbENTRAR\u00bb style=\u00bbflat\u00bb shape=\u00bbsquare\u00bb color=\u00bbsandy-brown\u00bb size=\u00bbsm\u00bb align=\u00bbcenter\u00bb link=\u00bburl:https%3A%2F%2Fmercadomunicipal.motril.es%2Fcategoria-puestos%2Fpescado%2F|||\u00bb][\/vc_column][vc_column width=\u00bb1\/6&#8243; el_class=\u00bbcategory\u00bb][vc_column_text el_class=\u00bbcategory-front-container\u00bb]<img loading=\"lazy\" decoding=\"async\" class=\"wp-image-244 size-medium aligncenter\" style=\"width: 150px; height: 120px; object-fit: contain;\" src=\"https:\/\/mercadomunicipal.motril.es\/wp-content\/uploads\/2018\/07\/FRUTAS.png\" alt=\"FRUTA\" width=\"300\" height=\"190\"><\/p>\n<h3 style=\"text-align: center; margin: 50px 0;\"><strong>FRUTAS Y VERDURAS<\/strong><\/h3>\n<p style=\"text-align: center;\">Frutas de todo tipo,de temporada y ex\u00f3ticas, frutos secos y macedonias. Puedes encontrarlo todo para tu dieta sana y equilibrada en nuestro Mercado.<\/p>\n<p>[\/vc_column_text][vc_btn title=\u00bbENTRAR\u00bb style=\u00bbflat\u00bb shape=\u00bbsquare\u00bb color=\u00bbsandy-brown\u00bb size=\u00bbsm\u00bb align=\u00bbcenter\u00bb link=\u00bburl:https%3A%2F%2Fmercadomunicipal.motril.es%2Fcategoria-puestos%2FFrutas-y-verduras%2F|||\u00bb css=\u00bb.vc_custom_1537271140415{margin-top: 20px !important;}\u00bb][\/vc_column][vc_column width=\u00bb1\/6&#8243; el_class=\u00bbcategory\u00bb][vc_column_text el_class=\u00bbcategory-front-container\u00bb]<img loading=\"lazy\" decoding=\"async\" class=\"alignnone wp-image-250 size-medium\" style=\"width: 150px; height: 120px; object-fit: contain;\" src=\"https:\/\/mercadomunicipal.motril.es\/wp-content\/uploads\/2018\/07\/CARNICERIA.png\" alt=\"CARNES\" width=\"300\" height=\"278\"><\/p>\n<h3 style=\"text-align: center; margin: 50px 0;\"><strong>CARNICER\u00cdA<\/strong><\/h3>\n<p style=\"text-align: center;\">Carnes frescas de calidad, pollo, cerdo, ternera, precocinados, productos de elaboraci\u00f3n propia. Todo lo que necesitas para crear grandes recetas en tu cocina.<\/p>\n<p>[\/vc_column_text][vc_btn title=\u00bbENTRAR\u00bb style=\u00bbflat\u00bb shape=\u00bbsquare\u00bb color=\u00bbsandy-brown\u00bb size=\u00bbsm\u00bb align=\u00bbcenter\u00bb link=\u00bburl:https%3A%2F%2Fmercadomunicipal.motril.es%2Fcategoria-puestos%2Fcarne%2F|||\u00bb][\/vc_column][vc_column width=\u00bb1\/6&#8243;][vc_column_text el_class=\u00bbcategory-front-container\u00bb]<img loading=\"lazy\" decoding=\"async\" class=\"alignnone wp-image-302 size-medium\" style=\"width: 150px; height: 120px; object-fit: contain;\" src=\"https:\/\/mercadomunicipal.motril.es\/wp-content\/uploads\/2018\/07\/CHARCUTERIA.png\" alt=\"CHARCUTERIA\" width=\"300\" height=\"136\"><\/p>\n<h3 style=\"text-align: center; margin: 50px 0;\"><strong>CHARCUTER\u00cdA<\/strong><\/h3>\n<p style=\"text-align: center;\">Los mejores productos de nuestra tierra. Una amplia variedad de productos locales y embutidos para todos los gustos. Ven a probarlos.<\/p>\n<p>[\/vc_column_text][vc_btn title=\u00bbENTRAR\u00bb style=\u00bbflat\u00bb shape=\u00bbsquare\u00bb color=\u00bbsandy-brown\u00bb size=\u00bbsm\u00bb align=\u00bbcenter\u00bb link=\u00bburl:https%3A%2F%2Fmercadomunicipal.motril.es%2Fcategoria-puestos%2Fcharcuteria%2F|||\u00bb][\/vc_column][vc_column width=\u00bb1\/6&#8243;][vc_column_text el_class=\u00bbcategory-front-container\u00bb]<img loading=\"lazy\" decoding=\"async\" class=\"alignnone wp-image-302 size-medium\" style=\"width: 150px; height: 120px; object-fit: contain;\" src=\"https:\/\/mercadomunicipal.motril.es\/wp-content\/uploads\/2018\/07\/CONGELADOS.png\" alt=\"CONGELADOS\" width=\"300\" height=\"136\"><\/p>\n<h3 style=\"text-align: center; margin: 50px 0;\"><strong>CONGELADOS<\/strong><\/h3>\n<p style=\"text-align: center;\">Ahora puedes disfrutar de los productos de la mejor calidad cuando quieras. En nuestro mercado tenemos todo lo que puedas imaginar para todo lo que puedas necesitar.<\/p>\n<p>[\/vc_column_text][vc_btn title=\u00bbENTRAR\u00bb style=\u00bbflat\u00bb shape=\u00bbsquare\u00bb color=\u00bbsandy-brown\u00bb size=\u00bbsm\u00bb align=\u00bbcenter\u00bb link=\u00bburl:https%3A%2F%2Fmercadomunicipal.motril.es%2Fcategoria-puestos%2Fcongelados%2F|||\u00bb][\/vc_column][vc_column width=\u00bb1\/6&#8243; el_class=\u00bbavada-kedavra\u00bb][\/vc_column][\/vc_row][vc_row full_width=\u00bbstretch_row_content\u00bb css=\u00bb.vc_custom_1527849287862{padding-right: 100px !important;padding-left: 100px !important;}\u00bb][vc_column offset=\u00bbvc_hidden-xs\u00bb][vc_empty_space height=\u00bb40px\u00bb][\/vc_column][\/vc_row][vc_row full_width=\u00bbstretch_row\u00bb css=\u00bb.vc_custom_1528107914350{padding-bottom: 50px !important;background-position: center !important;background-repeat: no-repeat !important;background-size: cover !important;}\u00bb el_class=\u00bbfront-video-row\u00bb][vc_column width=\u00bb1\/2&#8243; css=\u00bb.vc_custom_1527854006635{padding-top: 40px !important;padding-bottom: 40px !important;}\u00bb el_class=\u00bbvideo-front-text\u00bb][vc_column_text]<\/p>\n<h2 style=\"font-size: 2.7em; font-weight: 800; line-height: 1.2; color: #242326;\">CONOCE EL MERCADO<br \/>\nDE MOTRIL<\/h2>\n<h3 style=\"color: #9e2222; font-family: 'Source Sans Pro', sans-serif; font-weight: 400; font-size: 1em; line-height: 1.5; letter-spacing: 1px;\">Visita el Mercado de Motril<\/h3>\n<p style=\"color: #242326;\">Para conocer el mercado de Motril por dentro, pas\u00e9ate por nuestra p\u00e1gina web y ver\u00e1s c\u00f3mo es nuestro mercado. Contamos con puestos donde encontrar\u00e1s una amplia oferta de productos de pescados, frutas, carnicer\u00eda\/charcuter\u00eda o restauraci\u00f3n.. Te ofrecemos todas las facilidades con nuestra amplia oferta de servicios.<\/p>\n<p>[\/vc_column_text][\/vc_column][vc_column width=\u00bb1\/2&#8243; el_class=\u00bbvideo-front-video\u00bb][vc_empty_space height=\u00bb350px\u00bb css=\u00bb.vc_custom_1532683501114{background-image: url(https:\/\/mercadomunicipal.motril.es\/wp-content\/uploads\/2018\/07\/interior_mercado_edit.jpg?id=1674) !important;background-position: center !important;background-repeat: no-repeat !important;background-size: cover !important;}\u00bb][\/vc_column][\/vc_row][vc_row full_width=\u00bbstretch_row_content\u00bb css=\u00bb.vc_custom_1527849296374{padding-right: 100px !important;padding-left: 100px !important;}\u00bb][vc_column offset=\u00bbvc_hidden-xs\u00bb]<\/p>\n<div align=\"center\">\n<iframe loading=\"lazy\" style=\"border: 0;\" src=\"https:\/\/www.google.com\/maps\/embed?pb=!1m18!1m12!1m3!1d1130.3408060403053!2d-3.5215697136250044!3d36.74449245659212!2m3!1f0!2f0!3f0!3m2!1i1024!2i768!4f13.1!3m3!1m2!1s0xd719096375e1949%3A0xfcb54794aa48d836!2sMercado%20Municipal!5e0!3m2!1ses!2ses!4v1581506231498!5m2!1ses!2ses\" width=\"800\" height=\"600\" frameborder=\"0\" allowfullscreen=\"allowfullscreen\"><\/iframe><\/div>\n<p>[vc_empty_space height=\u00bb40px\u00bb][\/vc_column][\/vc_row][vc_row][vc_column width=\u00bb1\/3&#8243;][vc_text_separator title=\u00bbInstagram\u00bb i_icon_fontawesome=\u00bbfa fa-instagram\u00bb i_color=\u00bbwhite\u00bb i_background_style=\u00bbrounded\u00bb i_background_color=\u00bbcustom\u00bb i_size=\u00bbxs\u00bb color=\u00bbcustom\u00bb add_icon=\u00bbtrue\u00bb accent_color=\u00bb#242326&#8243; i_custom_background_color=\u00bb#9e2222&#8243;][vc_column_text]\r\n<div id=\"sb_instagram\"  class=\"sbi sbi_mob_col_1 sbi_tab_col_2 sbi_col_4 sbi_width_resp\" style=\"padding-bottom: 10px;width: 100%;\" data-feedid=\"sbi_#20\"  data-res=\"auto\" data-cols=\"4\" data-colsmobile=\"1\" data-colstablet=\"2\" data-num=\"20\" data-nummobile=\"\" data-shortcode-atts=\"{&quot;cachetime&quot;:30}\"  data-postid=\"7\" data-locatornonce=\"5a16c570ee\" data-sbi-flags=\"favorLocal\">\r\n\t\r\n    <div id=\"sbi_images\"  style=\"padding: 5px;\">\r\n\t\t    <\/div>\r\n\r\n\t<div id=\"sbi_load\" >\r\n\r\n\t\r\n\t\r\n<\/div>\r\n\r\n\t    <span class=\"sbi_resized_image_data\" data-feed-id=\"sbi_#20\" data-resized=\"[]\">\n\t<\/span>\n\t<\/div>\r\n\r\n[\/vc_column_text][\/vc_column][vc_column width=\u00bb1\/3&#8243;][vc_text_separator title=\u00bbFacebook\u00bb i_icon_fontawesome=\u00bbfa fa-facebook-square\u00bb i_color=\u00bbwhite\u00bb i_background_style=\u00bbrounded\u00bb i_background_color=\u00bbcustom\u00bb i_size=\u00bbxs\u00bb color=\u00bbcustom\u00bb add_icon=\u00bbtrue\u00bb accent_color=\u00bb#242326&#8243; i_custom_background_color=\u00bb#9e2222&#8243;][vc_column_text]<iframe loading=\"lazy\" style=\"border: none; overflow: hidden;\" src=\"https:\/\/www.facebook.com\/plugins\/page.php?href=https%3A%2F%2Fwww.facebook.com%2FMercado-Municipal-de-Motril-283271102474016&amp;tabs=timeline&amp;width=340&amp;height=500&amp;small_header=false&amp;adapt_container_width=true&amp;hide_cover=false&amp;show_facepile=true&amp;appId=252723565085213\" width=\"340\" height=\"500\" frameborder=\"0\" scrolling=\"no\"><\/iframe>[\/vc_column_text][\/vc_column][vc_column width=\u00bb1\/3&#8243;][vc_text_separator title=\u00bbTwitter\u00bb i_icon_fontawesome=\u00bbfa fa-twitter\u00bb i_color=\u00bbwhite\u00bb i_background_style=\u00bbrounded\u00bb i_background_color=\u00bbcustom\u00bb i_size=\u00bbxs\u00bb color=\u00bbcustom\u00bb add_icon=\u00bbtrue\u00bb accent_color=\u00bb#242326&#8243; i_custom_background_color=\u00bb#9e2222&#8243;][vc_column_text]<a class=\"twitter-timeline\" href=\"https:\/\/twitter.com\/mercadomotril?ref_src=twsrc%5Etfw\" data-width=\"360\" data-height=\"500\">Tweets by mercadomotril<\/a> <script async=\"\" src=\"https:\/\/platform.twitter.com\/widgets.js\" charset=\"utf-8\"><\/script>[\/vc_column_text][\/vc_column][\/vc_row][vc_row][vc_column][vc_empty_space height=\u00bb40px\u00bb][\/vc_column][\/vc_row]<\/p>\n","protected":false},"excerpt":{"rendered":"<p>[vc_row full_width=\u00bbstretch_row_content_no_spaces\u00bb][vc_column][vc_empty_space height=\u00bb500&#8243; css=\u00bb.vc_custom_1532687060077{margin-bottom: 40px !important;background-image: url(https:\/\/mercadomunicipal.motril.es\/wp-content\/uploads\/2018\/07\/Mercado_Motril_1800x600.jpg?id=1835) !important;}\u00bb el_class=\u00bbhero-img\u00bb][\/vc_column][\/vc_row][vc_row equal_height=\u00bbyes\u00bb el_class=\u00bbcategory-front-wrapper\u00bb][vc_column width=\u00bb1\/6&#8243;][vc_column_text el_class=\u00bbcategory-front-container\u00bb] PESCADO Ofrecemos los mejores cortes siguiendo un cuidadoso proceso de selecci\u00f3n. Piezas de la sierra y ganado de primera calidad alimentado con productos naturales. [\/vc_column_text][vc_btn title=\u00bbENTRAR\u00bb style=\u00bbflat\u00bb shape=\u00bbsquare\u00bb color=\u00bbsandy-brown\u00bb size=\u00bbsm\u00bb align=\u00bbcenter\u00bb link=\u00bburl:https%3A%2F%2Fmercadomunicipal.motril.es%2Fcategoria-puestos%2Fpescado%2F|||\u00bb][\/vc_column][vc_column width=\u00bb1\/6&#8243; el_class=\u00bbcategory\u00bb][vc_column_text el_class=\u00bbcategory-front-container\u00bb] FRUTAS Y VERDURAS Frutas de todo tipo,de&hellip;<\/p>\n","protected":false},"author":36,"featured_media":0,"parent":0,"menu_order":0,"comment_status":"closed","ping_status":"closed","template":"page-templates\/template-full-width-blank.php","meta":{"footnotes":""},"class_list":["post-7","page","type-page","status-publish","hentry","content-box content-box-wrapper"],"yoast_head":"<!-- This site is optimized with the Yoast SEO plugin v26.9 - https:\/\/yoast.com\/product\/yoast-seo-wordpress\/ -->\n<title>Inicio - Mercado Municipal de Motril<\/title>\n<meta name=\"robots\" content=\"index, follow, max-snippet:-1, max-image-preview:large, max-video-preview:-1\" \/>\n<link rel=\"canonical\" href=\"https:\/\/mercadomunicipal.motril.es\/\" \/>\n<meta property=\"og:locale\" content=\"es_ES\" \/>\n<meta property=\"og:type\" content=\"article\" \/>\n<meta property=\"og:title\" content=\"Inicio - Mercado Municipal de Motril\" \/>\n<meta property=\"og:description\" content=\"[vc_row full_width=\u00bbstretch_row_content_no_spaces\u00bb][vc_column][vc_empty_space height=\u00bb500&#8243; css=\u00bb.vc_custom_1532687060077{margin-bottom: 40px !important;background-image: url(https:\/\/mercadomunicipal.motril.es\/wp-content\/uploads\/2018\/07\/Mercado_Motril_1800x600.jpg?id=1835) !important;}\u00bb el_class=\u00bbhero-img\u00bb][\/vc_column][\/vc_row][vc_row equal_height=\u00bbyes\u00bb el_class=\u00bbcategory-front-wrapper\u00bb][vc_column width=\u00bb1\/6&#8243;][vc_column_text el_class=\u00bbcategory-front-container\u00bb] PESCADO Ofrecemos los mejores cortes siguiendo un cuidadoso proceso de selecci\u00f3n. Piezas de la sierra y ganado de primera calidad alimentado con productos naturales. [\/vc_column_text][vc_btn title=\u00bbENTRAR\u00bb style=\u00bbflat\u00bb shape=\u00bbsquare\u00bb color=\u00bbsandy-brown\u00bb size=\u00bbsm\u00bb align=\u00bbcenter\u00bb link=\u00bburl:https%3A%2F%2Fmercadomunicipal.motril.es%2Fcategoria-puestos%2Fpescado%2F|||\u00bb][\/vc_column][vc_column width=\u00bb1\/6&#8243; el_class=\u00bbcategory\u00bb][vc_column_text el_class=\u00bbcategory-front-container\u00bb] FRUTAS Y VERDURAS Frutas de todo tipo,de&hellip;\" \/>\n<meta property=\"og:url\" content=\"https:\/\/mercadomunicipal.motril.es\/\" \/>\n<meta property=\"og:site_name\" content=\"Mercado Municipal de Motril\" \/>\n<meta property=\"article:publisher\" content=\"https:\/\/www.facebook.com\/Mercado-Municipal-de-Motril-283271102474016\/\" \/>\n<meta property=\"article:modified_time\" content=\"2020-02-12T11:29:30+00:00\" \/>\n<meta property=\"og:image\" content=\"https:\/\/mercadomunicipal.motril.es\/wp-content\/uploads\/2018\/07\/PESCADO.png\" \/>\n<meta name=\"twitter:card\" content=\"summary_large_image\" \/>\n<meta name=\"twitter:site\" content=\"@MercadoMotril\" \/>\n<meta name=\"twitter:label1\" content=\"Tiempo de lectura\" \/>\n\t<meta name=\"twitter:data1\" content=\"4 minutos\" \/>\n<script type=\"application\/ld+json\" class=\"yoast-schema-graph\">{\"@context\":\"https:\/\/schema.org\",\"@graph\":[{\"@type\":\"WebPage\",\"@id\":\"https:\/\/mercadomunicipal.motril.es\/\",\"url\":\"https:\/\/mercadomunicipal.motril.es\/\",\"name\":\"Inicio - Mercado Municipal de Motril\",\"isPartOf\":{\"@id\":\"https:\/\/mercadomunicipal.motril.es\/#website\"},\"primaryImageOfPage\":{\"@id\":\"https:\/\/mercadomunicipal.motril.es\/#primaryimage\"},\"image\":{\"@id\":\"https:\/\/mercadomunicipal.motril.es\/#primaryimage\"},\"thumbnailUrl\":\"https:\/\/mercadomunicipal.motril.es\/wp-content\/uploads\/2018\/07\/PESCADO.png\",\"datePublished\":\"2018-05-18T10:10:01+00:00\",\"dateModified\":\"2020-02-12T11:29:30+00:00\",\"breadcrumb\":{\"@id\":\"https:\/\/mercadomunicipal.motril.es\/#breadcrumb\"},\"inLanguage\":\"es\",\"potentialAction\":[{\"@type\":\"ReadAction\",\"target\":[\"https:\/\/mercadomunicipal.motril.es\/\"]}]},{\"@type\":\"ImageObject\",\"inLanguage\":\"es\",\"@id\":\"https:\/\/mercadomunicipal.motril.es\/#primaryimage\",\"url\":\"https:\/\/mercadomunicipal.motril.es\/wp-content\/uploads\/2018\/07\/PESCADO.png\",\"contentUrl\":\"https:\/\/mercadomunicipal.motril.es\/wp-content\/uploads\/2018\/07\/PESCADO.png\",\"width\":807,\"height\":634},{\"@type\":\"BreadcrumbList\",\"@id\":\"https:\/\/mercadomunicipal.motril.es\/#breadcrumb\",\"itemListElement\":[{\"@type\":\"ListItem\",\"position\":1,\"name\":\"Portada\",\"item\":\"https:\/\/mercadomunicipal.motril.es\/\"},{\"@type\":\"ListItem\",\"position\":2,\"name\":\"Inicio\"}]},{\"@type\":\"WebSite\",\"@id\":\"https:\/\/mercadomunicipal.motril.es\/#website\",\"url\":\"https:\/\/mercadomunicipal.motril.es\/\",\"name\":\"Mercado Municipal de Motril\",\"description\":\"Digitaliza Tu Mercado\",\"publisher\":{\"@id\":\"https:\/\/mercadomunicipal.motril.es\/#organization\"},\"potentialAction\":[{\"@type\":\"SearchAction\",\"target\":{\"@type\":\"EntryPoint\",\"urlTemplate\":\"https:\/\/mercadomunicipal.motril.es\/?s={search_term_string}\"},\"query-input\":{\"@type\":\"PropertyValueSpecification\",\"valueRequired\":true,\"valueName\":\"search_term_string\"}}],\"inLanguage\":\"es\"},{\"@type\":\"Organization\",\"@id\":\"https:\/\/mercadomunicipal.motril.es\/#organization\",\"name\":\"Mercado municipal motril\",\"url\":\"https:\/\/mercadomunicipal.motril.es\/\",\"logo\":{\"@type\":\"ImageObject\",\"inLanguage\":\"es\",\"@id\":\"https:\/\/mercadomunicipal.motril.es\/#\/schema\/logo\/image\/\",\"url\":\"https:\/\/mercadomunicipal.motril.es\/wp-content\/uploads\/2018\/07\/LOGO_COLOR.png\",\"contentUrl\":\"https:\/\/mercadomunicipal.motril.es\/wp-content\/uploads\/2018\/07\/LOGO_COLOR.png\",\"width\":581,\"height\":845,\"caption\":\"Mercado municipal motril\"},\"image\":{\"@id\":\"https:\/\/mercadomunicipal.motril.es\/#\/schema\/logo\/image\/\"},\"sameAs\":[\"https:\/\/www.facebook.com\/Mercado-Municipal-de-Motril-283271102474016\/\",\"https:\/\/x.com\/MercadoMotril\",\"https:\/\/www.instagram.com\/mercadomunicipalmotril\/\"]}]}<\/script>\n<!-- \/ Yoast SEO plugin. -->","yoast_head_json":{"title":"Inicio - Mercado Municipal de Motril","robots":{"index":"index","follow":"follow","max-snippet":"max-snippet:-1","max-image-preview":"max-image-preview:large","max-video-preview":"max-video-preview:-1"},"canonical":"https:\/\/mercadomunicipal.motril.es\/","og_locale":"es_ES","og_type":"article","og_title":"Inicio - Mercado Municipal de Motril","og_description":"[vc_row full_width=\u00bbstretch_row_content_no_spaces\u00bb][vc_column][vc_empty_space height=\u00bb500&#8243; css=\u00bb.vc_custom_1532687060077{margin-bottom: 40px !important;background-image: url(https:\/\/mercadomunicipal.motril.es\/wp-content\/uploads\/2018\/07\/Mercado_Motril_1800x600.jpg?id=1835) !important;}\u00bb el_class=\u00bbhero-img\u00bb][\/vc_column][\/vc_row][vc_row equal_height=\u00bbyes\u00bb el_class=\u00bbcategory-front-wrapper\u00bb][vc_column width=\u00bb1\/6&#8243;][vc_column_text el_class=\u00bbcategory-front-container\u00bb] PESCADO Ofrecemos los mejores cortes siguiendo un cuidadoso proceso de selecci\u00f3n. Piezas de la sierra y ganado de primera calidad alimentado con productos naturales. [\/vc_column_text][vc_btn title=\u00bbENTRAR\u00bb style=\u00bbflat\u00bb shape=\u00bbsquare\u00bb color=\u00bbsandy-brown\u00bb size=\u00bbsm\u00bb align=\u00bbcenter\u00bb link=\u00bburl:https%3A%2F%2Fmercadomunicipal.motril.es%2Fcategoria-puestos%2Fpescado%2F|||\u00bb][\/vc_column][vc_column width=\u00bb1\/6&#8243; el_class=\u00bbcategory\u00bb][vc_column_text el_class=\u00bbcategory-front-container\u00bb] FRUTAS Y VERDURAS Frutas de todo tipo,de&hellip;","og_url":"https:\/\/mercadomunicipal.motril.es\/","og_site_name":"Mercado Municipal de Motril","article_publisher":"https:\/\/www.facebook.com\/Mercado-Municipal-de-Motril-283271102474016\/","article_modified_time":"2020-02-12T11:29:30+00:00","og_image":[{"url":"https:\/\/mercadomunicipal.motril.es\/wp-content\/uploads\/2018\/07\/PESCADO.png","type":"","width":"","height":""}],"twitter_card":"summary_large_image","twitter_site":"@MercadoMotril","twitter_misc":{"Tiempo de lectura":"4 minutos"},"schema":{"@context":"https:\/\/schema.org","@graph":[{"@type":"WebPage","@id":"https:\/\/mercadomunicipal.motril.es\/","url":"https:\/\/mercadomunicipal.motril.es\/","name":"Inicio - Mercado Municipal de Motril","isPartOf":{"@id":"https:\/\/mercadomunicipal.motril.es\/#website"},"primaryImageOfPage":{"@id":"https:\/\/mercadomunicipal.motril.es\/#primaryimage"},"image":{"@id":"https:\/\/mercadomunicipal.motril.es\/#primaryimage"},"thumbnailUrl":"https:\/\/mercadomunicipal.motril.es\/wp-content\/uploads\/2018\/07\/PESCADO.png","datePublished":"2018-05-18T10:10:01+00:00","dateModified":"2020-02-12T11:29:30+00:00","breadcrumb":{"@id":"https:\/\/mercadomunicipal.motril.es\/#breadcrumb"},"inLanguage":"es","potentialAction":[{"@type":"ReadAction","target":["https:\/\/mercadomunicipal.motril.es\/"]}]},{"@type":"ImageObject","inLanguage":"es","@id":"https:\/\/mercadomunicipal.motril.es\/#primaryimage","url":"https:\/\/mercadomunicipal.motril.es\/wp-content\/uploads\/2018\/07\/PESCADO.png","contentUrl":"https:\/\/mercadomunicipal.motril.es\/wp-content\/uploads\/2018\/07\/PESCADO.png","width":807,"height":634},{"@type":"BreadcrumbList","@id":"https:\/\/mercadomunicipal.motril.es\/#breadcrumb","itemListElement":[{"@type":"ListItem","position":1,"name":"Portada","item":"https:\/\/mercadomunicipal.motril.es\/"},{"@type":"ListItem","position":2,"name":"Inicio"}]},{"@type":"WebSite","@id":"https:\/\/mercadomunicipal.motril.es\/#website","url":"https:\/\/mercadomunicipal.motril.es\/","name":"Mercado Municipal de Motril","description":"Digitaliza Tu Mercado","publisher":{"@id":"https:\/\/mercadomunicipal.motril.es\/#organization"},"potentialAction":[{"@type":"SearchAction","target":{"@type":"EntryPoint","urlTemplate":"https:\/\/mercadomunicipal.motril.es\/?s={search_term_string}"},"query-input":{"@type":"PropertyValueSpecification","valueRequired":true,"valueName":"search_term_string"}}],"inLanguage":"es"},{"@type":"Organization","@id":"https:\/\/mercadomunicipal.motril.es\/#organization","name":"Mercado municipal motril","url":"https:\/\/mercadomunicipal.motril.es\/","logo":{"@type":"ImageObject","inLanguage":"es","@id":"https:\/\/mercadomunicipal.motril.es\/#\/schema\/logo\/image\/","url":"https:\/\/mercadomunicipal.motril.es\/wp-content\/uploads\/2018\/07\/LOGO_COLOR.png","contentUrl":"https:\/\/mercadomunicipal.motril.es\/wp-content\/uploads\/2018\/07\/LOGO_COLOR.png","width":581,"height":845,"caption":"Mercado municipal motril"},"image":{"@id":"https:\/\/mercadomunicipal.motril.es\/#\/schema\/logo\/image\/"},"sameAs":["https:\/\/www.facebook.com\/Mercado-Municipal-de-Motril-283271102474016\/","https:\/\/x.com\/MercadoMotril","https:\/\/www.instagram.com\/mercadomunicipalmotril\/"]}]}},"_links":{"self":[{"href":"https:\/\/mercadomunicipal.motril.es\/index.php?rest_route=\/wp\/v2\/pages\/7","targetHints":{"allow":["GET"]}}],"collection":[{"href":"https:\/\/mercadomunicipal.motril.es\/index.php?rest_route=\/wp\/v2\/pages"}],"about":[{"href":"https:\/\/mercadomunicipal.motril.es\/index.php?rest_route=\/wp\/v2\/types\/page"}],"author":[{"embeddable":true,"href":"https:\/\/mercadomunicipal.motril.es\/index.php?rest_route=\/wp\/v2\/users\/36"}],"replies":[{"embeddable":true,"href":"https:\/\/mercadomunicipal.motril.es\/index.php?rest_route=%2Fwp%2Fv2%2Fcomments&post=7"}],"version-history":[{"count":154,"href":"https:\/\/mercadomunicipal.motril.es\/index.php?rest_route=\/wp\/v2\/pages\/7\/revisions"}],"predecessor-version":[{"id":2274,"href":"https:\/\/mercadomunicipal.motril.es\/index.php?rest_route=\/wp\/v2\/pages\/7\/revisions\/2274"}],"wp:attachment":[{"href":"https:\/\/mercadomunicipal.motril.es\/index.php?rest_route=%2Fwp%2Fv2%2Fmedia&parent=7"}],"curies":[{"name":"wp","href":"https:\/\/api.w.org\/{rel}","templated":true}]}}