{"id":40,"date":"2018-05-22T06:30:49","date_gmt":"2018-05-22T06:30:49","guid":{"rendered":"http:\/\/localhost\/wordpress\/?page_id=40"},"modified":"2018-07-27T10:30:29","modified_gmt":"2018-07-27T10:30:29","slug":"historia","status":"publish","type":"page","link":"https:\/\/mercadomunicipal.motril.es\/?page_id=40","title":{"rendered":"Historia"},"content":{"rendered":"<p>[vc_row][vc_column][vc_column_text]El Mercado Municipal de Motril data del a\u00f1o 1955 por lo que se puede considerar un mercado relativamente nuevo. Antiguamente, lo que exist\u00eda en su lugar eran unos puestos rotatorios de madera donde los distintos vendedores se iban turnando vendiendo sus productos. Conocido como el Mercado de San Agust\u00edn, debe su nombre al antiguo convento de la Orden Agustina.<\/p>\n<figure id=\"attachment_1817\" aria-describedby=\"caption-attachment-1817\" style=\"width: 600px\" class=\"wp-caption aligncenter\"><img loading=\"lazy\" decoding=\"async\" class=\"size-full wp-image-1817\" src=\"http:\/\/localhost\/wordpress\/wp-content\/uploads\/2018\/07\/RELATOS-DE-LA-HISTORIA-DE-MOTRIL-3.jpg\" alt=\"\" width=\"600\" height=\"387\" srcset=\"https:\/\/mercadomunicipal.motril.es\/wp-content\/uploads\/2018\/07\/RELATOS-DE-LA-HISTORIA-DE-MOTRIL-3.jpg 600w, https:\/\/mercadomunicipal.motril.es\/wp-content\/uploads\/2018\/07\/RELATOS-DE-LA-HISTORIA-DE-MOTRIL-3-300x194.jpg 300w, https:\/\/mercadomunicipal.motril.es\/wp-content\/uploads\/2018\/07\/RELATOS-DE-LA-HISTORIA-DE-MOTRIL-3-400x258.jpg 400w\" sizes=\"auto, (max-width: 600px) 100vw, 600px\" \/><figcaption id=\"caption-attachment-1817\" class=\"wp-caption-text\">Imagen por <a href=\"http:\/\/elfaromotril.es\/2017\/11\/28\/relatos-de-la-historia-de-motril-67\/\">elfaromotril.es<\/a><\/figcaption><\/figure>\n<p>Se trata de un edificio de estructura simple y funcional que se sit\u00faa en pleno casco antiguo de Motril, donde se encontraba una de las antiguas puertas de entrada a la ciudad. Se desarrolla en dos plantas, con escalera central que sirve de eje de simetr\u00eda a los dos cuerpos de patios que separan usos. El mercado estaba considerado el centro de actividad de Motril provocando un bullicio constante de gente.<\/p>\n<p>Se reform\u00f3 en el a\u00f1o 1992 adapt\u00e1ndose a las necesidades de los vendedores y los clientes.<\/p>\n<p><img loading=\"lazy\" decoding=\"async\" class=\"size-large wp-image-1818 aligncenter\" src=\"http:\/\/localhost\/wordpress\/wp-content\/uploads\/2018\/07\/motrilhistoria-1024x711.jpg\" alt=\"\" width=\"750\" height=\"521\" srcset=\"https:\/\/mercadomunicipal.motril.es\/wp-content\/uploads\/2018\/07\/motrilhistoria-1024x711.jpg 1024w, https:\/\/mercadomunicipal.motril.es\/wp-content\/uploads\/2018\/07\/motrilhistoria-300x208.jpg 300w, https:\/\/mercadomunicipal.motril.es\/wp-content\/uploads\/2018\/07\/motrilhistoria-768x533.jpg 768w, https:\/\/mercadomunicipal.motril.es\/wp-content\/uploads\/2018\/07\/motrilhistoria-400x278.jpg 400w, https:\/\/mercadomunicipal.motril.es\/wp-content\/uploads\/2018\/07\/motrilhistoria.jpg 1400w\" sizes=\"auto, (max-width: 750px) 100vw, 750px\" \/><img loading=\"lazy\" decoding=\"async\" class=\"size-large wp-image-1620 aligncenter\" src=\"http:\/\/localhost\/wordpress\/wp-content\/uploads\/2018\/07\/jerez-ahora-1024x776.jpg\" alt=\"\" width=\"750\" height=\"568\" \/><\/p>\n<p><img loading=\"lazy\" decoding=\"async\" class=\"alignnone wp-image-473 aligncenter\" src=\"http:\/\/localhost\/wordpress\/wp-content\/uploads\/2018\/06\/patio-300x93.jpg\" alt=\"\" width=\"558\" height=\"173\" \/>[\/vc_column_text][\/vc_column][\/vc_row]<\/p>\n","protected":false},"excerpt":{"rendered":"<p>[vc_row][vc_column][vc_column_text]El Mercado Municipal de Motril data del a\u00f1o 1955 por lo que se puede considerar un mercado relativamente nuevo. Antiguamente, lo que exist\u00eda en su lugar eran unos puestos rotatorios de madera donde los distintos vendedores se iban turnando vendiendo sus productos. Conocido como el Mercado de San Agust\u00edn, debe su nombre al antiguo convento&hellip;<\/p>\n","protected":false},"author":36,"featured_media":0,"parent":0,"menu_order":0,"comment_status":"closed","ping_status":"closed","template":"page-templates\/template-full-width.php","meta":{"footnotes":""},"class_list":["post-40","page","type-page","status-publish","hentry","content-box content-box-wrapper"],"yoast_head":"<!-- This site is optimized with the Yoast SEO plugin v26.9 - https:\/\/yoast.com\/product\/yoast-seo-wordpress\/ -->\n<title>Historia - Mercado Municipal de Motril<\/title>\n<meta name=\"robots\" content=\"index, follow, max-snippet:-1, max-image-preview:large, max-video-preview:-1\" \/>\n<link rel=\"canonical\" href=\"https:\/\/mercadomunicipal.motril.es\/?page_id=40\" \/>\n<meta property=\"og:locale\" content=\"es_ES\" \/>\n<meta property=\"og:type\" content=\"article\" \/>\n<meta property=\"og:title\" content=\"Historia - Mercado Municipal de Motril\" \/>\n<meta property=\"og:description\" content=\"[vc_row][vc_column][vc_column_text]El Mercado Municipal de Motril data del a\u00f1o 1955 por lo que se puede considerar un mercado relativamente nuevo. Antiguamente, lo que exist\u00eda en su lugar eran unos puestos rotatorios de madera donde los distintos vendedores se iban turnando vendiendo sus productos. Conocido como el Mercado de San Agust\u00edn, debe su nombre al antiguo convento&hellip;\" \/>\n<meta property=\"og:url\" content=\"https:\/\/mercadomunicipal.motril.es\/?page_id=40\" \/>\n<meta property=\"og:site_name\" content=\"Mercado Municipal de Motril\" \/>\n<meta property=\"article:publisher\" content=\"https:\/\/www.facebook.com\/Mercado-Municipal-de-Motril-283271102474016\/\" \/>\n<meta property=\"article:modified_time\" content=\"2018-07-27T10:30:29+00:00\" \/>\n<meta property=\"og:image\" content=\"http:\/\/localhost\/wordpress\/wp-content\/uploads\/2018\/07\/RELATOS-DE-LA-HISTORIA-DE-MOTRIL-3.jpg\" \/>\n<meta name=\"twitter:card\" content=\"summary_large_image\" \/>\n<meta name=\"twitter:site\" content=\"@MercadoMotril\" \/>\n<meta name=\"twitter:label1\" content=\"Tiempo de lectura\" \/>\n\t<meta name=\"twitter:data1\" content=\"1 minuto\" \/>\n<script type=\"application\/ld+json\" class=\"yoast-schema-graph\">{\"@context\":\"https:\/\/schema.org\",\"@graph\":[{\"@type\":\"WebPage\",\"@id\":\"https:\/\/mercadomunicipal.motril.es\/?page_id=40\",\"url\":\"https:\/\/mercadomunicipal.motril.es\/?page_id=40\",\"name\":\"Historia - Mercado Municipal de Motril\",\"isPartOf\":{\"@id\":\"https:\/\/mercadomunicipal.motril.es\/#website\"},\"primaryImageOfPage\":{\"@id\":\"https:\/\/mercadomunicipal.motril.es\/?page_id=40#primaryimage\"},\"image\":{\"@id\":\"https:\/\/mercadomunicipal.motril.es\/?page_id=40#primaryimage\"},\"thumbnailUrl\":\"http:\/\/localhost\/wordpress\/wp-content\/uploads\/2018\/07\/RELATOS-DE-LA-HISTORIA-DE-MOTRIL-3.jpg\",\"datePublished\":\"2018-05-22T06:30:49+00:00\",\"dateModified\":\"2018-07-27T10:30:29+00:00\",\"breadcrumb\":{\"@id\":\"https:\/\/mercadomunicipal.motril.es\/?page_id=40#breadcrumb\"},\"inLanguage\":\"es\",\"potentialAction\":[{\"@type\":\"ReadAction\",\"target\":[\"https:\/\/mercadomunicipal.motril.es\/?page_id=40\"]}]},{\"@type\":\"ImageObject\",\"inLanguage\":\"es\",\"@id\":\"https:\/\/mercadomunicipal.motril.es\/?page_id=40#primaryimage\",\"url\":\"http:\/\/localhost\/wordpress\/wp-content\/uploads\/2018\/07\/RELATOS-DE-LA-HISTORIA-DE-MOTRIL-3.jpg\",\"contentUrl\":\"http:\/\/localhost\/wordpress\/wp-content\/uploads\/2018\/07\/RELATOS-DE-LA-HISTORIA-DE-MOTRIL-3.jpg\"},{\"@type\":\"BreadcrumbList\",\"@id\":\"https:\/\/mercadomunicipal.motril.es\/?page_id=40#breadcrumb\",\"itemListElement\":[{\"@type\":\"ListItem\",\"position\":1,\"name\":\"Portada\",\"item\":\"https:\/\/mercadomunicipal.motril.es\/\"},{\"@type\":\"ListItem\",\"position\":2,\"name\":\"Historia\"}]},{\"@type\":\"WebSite\",\"@id\":\"https:\/\/mercadomunicipal.motril.es\/#website\",\"url\":\"https:\/\/mercadomunicipal.motril.es\/\",\"name\":\"Mercado Municipal de Motril\",\"description\":\"Digitaliza Tu Mercado\",\"publisher\":{\"@id\":\"https:\/\/mercadomunicipal.motril.es\/#organization\"},\"potentialAction\":[{\"@type\":\"SearchAction\",\"target\":{\"@type\":\"EntryPoint\",\"urlTemplate\":\"https:\/\/mercadomunicipal.motril.es\/?s={search_term_string}\"},\"query-input\":{\"@type\":\"PropertyValueSpecification\",\"valueRequired\":true,\"valueName\":\"search_term_string\"}}],\"inLanguage\":\"es\"},{\"@type\":\"Organization\",\"@id\":\"https:\/\/mercadomunicipal.motril.es\/#organization\",\"name\":\"Mercado municipal motril\",\"url\":\"https:\/\/mercadomunicipal.motril.es\/\",\"logo\":{\"@type\":\"ImageObject\",\"inLanguage\":\"es\",\"@id\":\"https:\/\/mercadomunicipal.motril.es\/#\/schema\/logo\/image\/\",\"url\":\"https:\/\/mercadomunicipal.motril.es\/wp-content\/uploads\/2018\/07\/LOGO_COLOR.png\",\"contentUrl\":\"https:\/\/mercadomunicipal.motril.es\/wp-content\/uploads\/2018\/07\/LOGO_COLOR.png\",\"width\":581,\"height\":845,\"caption\":\"Mercado municipal motril\"},\"image\":{\"@id\":\"https:\/\/mercadomunicipal.motril.es\/#\/schema\/logo\/image\/\"},\"sameAs\":[\"https:\/\/www.facebook.com\/Mercado-Municipal-de-Motril-283271102474016\/\",\"https:\/\/x.com\/MercadoMotril\",\"https:\/\/www.instagram.com\/mercadomunicipalmotril\/\"]}]}<\/script>\n<!-- \/ Yoast SEO plugin. -->","yoast_head_json":{"title":"Historia - Mercado Municipal de Motril","robots":{"index":"index","follow":"follow","max-snippet":"max-snippet:-1","max-image-preview":"max-image-preview:large","max-video-preview":"max-video-preview:-1"},"canonical":"https:\/\/mercadomunicipal.motril.es\/?page_id=40","og_locale":"es_ES","og_type":"article","og_title":"Historia - Mercado Municipal de Motril","og_description":"[vc_row][vc_column][vc_column_text]El Mercado Municipal de Motril data del a\u00f1o 1955 por lo que se puede considerar un mercado relativamente nuevo. Antiguamente, lo que exist\u00eda en su lugar eran unos puestos rotatorios de madera donde los distintos vendedores se iban turnando vendiendo sus productos. Conocido como el Mercado de San Agust\u00edn, debe su nombre al antiguo convento&hellip;","og_url":"https:\/\/mercadomunicipal.motril.es\/?page_id=40","og_site_name":"Mercado Municipal de Motril","article_publisher":"https:\/\/www.facebook.com\/Mercado-Municipal-de-Motril-283271102474016\/","article_modified_time":"2018-07-27T10:30:29+00:00","og_image":[{"url":"http:\/\/localhost\/wordpress\/wp-content\/uploads\/2018\/07\/RELATOS-DE-LA-HISTORIA-DE-MOTRIL-3.jpg","type":"","width":"","height":""}],"twitter_card":"summary_large_image","twitter_site":"@MercadoMotril","twitter_misc":{"Tiempo de lectura":"1 minuto"},"schema":{"@context":"https:\/\/schema.org","@graph":[{"@type":"WebPage","@id":"https:\/\/mercadomunicipal.motril.es\/?page_id=40","url":"https:\/\/mercadomunicipal.motril.es\/?page_id=40","name":"Historia - Mercado Municipal de Motril","isPartOf":{"@id":"https:\/\/mercadomunicipal.motril.es\/#website"},"primaryImageOfPage":{"@id":"https:\/\/mercadomunicipal.motril.es\/?page_id=40#primaryimage"},"image":{"@id":"https:\/\/mercadomunicipal.motril.es\/?page_id=40#primaryimage"},"thumbnailUrl":"http:\/\/localhost\/wordpress\/wp-content\/uploads\/2018\/07\/RELATOS-DE-LA-HISTORIA-DE-MOTRIL-3.jpg","datePublished":"2018-05-22T06:30:49+00:00","dateModified":"2018-07-27T10:30:29+00:00","breadcrumb":{"@id":"https:\/\/mercadomunicipal.motril.es\/?page_id=40#breadcrumb"},"inLanguage":"es","potentialAction":[{"@type":"ReadAction","target":["https:\/\/mercadomunicipal.motril.es\/?page_id=40"]}]},{"@type":"ImageObject","inLanguage":"es","@id":"https:\/\/mercadomunicipal.motril.es\/?page_id=40#primaryimage","url":"http:\/\/localhost\/wordpress\/wp-content\/uploads\/2018\/07\/RELATOS-DE-LA-HISTORIA-DE-MOTRIL-3.jpg","contentUrl":"http:\/\/localhost\/wordpress\/wp-content\/uploads\/2018\/07\/RELATOS-DE-LA-HISTORIA-DE-MOTRIL-3.jpg"},{"@type":"BreadcrumbList","@id":"https:\/\/mercadomunicipal.motril.es\/?page_id=40#breadcrumb","itemListElement":[{"@type":"ListItem","position":1,"name":"Portada","item":"https:\/\/mercadomunicipal.motril.es\/"},{"@type":"ListItem","position":2,"name":"Historia"}]},{"@type":"WebSite","@id":"https:\/\/mercadomunicipal.motril.es\/#website","url":"https:\/\/mercadomunicipal.motril.es\/","name":"Mercado Municipal de Motril","description":"Digitaliza Tu Mercado","publisher":{"@id":"https:\/\/mercadomunicipal.motril.es\/#organization"},"potentialAction":[{"@type":"SearchAction","target":{"@type":"EntryPoint","urlTemplate":"https:\/\/mercadomunicipal.motril.es\/?s={search_term_string}"},"query-input":{"@type":"PropertyValueSpecification","valueRequired":true,"valueName":"search_term_string"}}],"inLanguage":"es"},{"@type":"Organization","@id":"https:\/\/mercadomunicipal.motril.es\/#organization","name":"Mercado municipal motril","url":"https:\/\/mercadomunicipal.motril.es\/","logo":{"@type":"ImageObject","inLanguage":"es","@id":"https:\/\/mercadomunicipal.motril.es\/#\/schema\/logo\/image\/","url":"https:\/\/mercadomunicipal.motril.es\/wp-content\/uploads\/2018\/07\/LOGO_COLOR.png","contentUrl":"https:\/\/mercadomunicipal.motril.es\/wp-content\/uploads\/2018\/07\/LOGO_COLOR.png","width":581,"height":845,"caption":"Mercado municipal motril"},"image":{"@id":"https:\/\/mercadomunicipal.motril.es\/#\/schema\/logo\/image\/"},"sameAs":["https:\/\/www.facebook.com\/Mercado-Municipal-de-Motril-283271102474016\/","https:\/\/x.com\/MercadoMotril","https:\/\/www.instagram.com\/mercadomunicipalmotril\/"]}]}},"_links":{"self":[{"href":"https:\/\/mercadomunicipal.motril.es\/index.php?rest_route=\/wp\/v2\/pages\/40","targetHints":{"allow":["GET"]}}],"collection":[{"href":"https:\/\/mercadomunicipal.motril.es\/index.php?rest_route=\/wp\/v2\/pages"}],"about":[{"href":"https:\/\/mercadomunicipal.motril.es\/index.php?rest_route=\/wp\/v2\/types\/page"}],"author":[{"embeddable":true,"href":"https:\/\/mercadomunicipal.motril.es\/index.php?rest_route=\/wp\/v2\/users\/36"}],"replies":[{"embeddable":true,"href":"https:\/\/mercadomunicipal.motril.es\/index.php?rest_route=%2Fwp%2Fv2%2Fcomments&post=40"}],"version-history":[{"count":12,"href":"https:\/\/mercadomunicipal.motril.es\/index.php?rest_route=\/wp\/v2\/pages\/40\/revisions"}],"predecessor-version":[{"id":2261,"href":"https:\/\/mercadomunicipal.motril.es\/index.php?rest_route=\/wp\/v2\/pages\/40\/revisions\/2261"}],"wp:attachment":[{"href":"https:\/\/mercadomunicipal.motril.es\/index.php?rest_route=%2Fwp%2Fv2%2Fmedia&parent=40"}],"curies":[{"name":"wp","href":"https:\/\/api.w.org\/{rel}","templated":true}]}}